{"id":16,"date":"2018-06-17T20:51:57","date_gmt":"2018-06-17T18:51:57","guid":{"rendered":"http:\/\/test.kz-nitra.sk\/?page_id=16"},"modified":"2025-11-02T20:58:52","modified_gmt":"2025-11-02T19:58:52","slug":"sluzba","status":"publish","type":"page","link":"https:\/\/www.kz-nitra.sk\/?page_id=16","title":{"rendered":"Bohoslu\u017eby"},"content":{"rendered":"<h3>Na\u0161e bohoslu\u017eby &#8211; zhroma\u017edenia<\/h3>\n<p>Miestom na\u0161ich zhroma\u017eden\u00ed je DOM KRES\u0164ANSK\u00c9HO ZBORU na Podz\u00e1mskej ulici 17 v Nitre. V nich uctievame P\u00e1na Boha, zvestujeme evanjelium, \u010d\u00edtame a vyklad\u00e1me Bo\u017eie slovo z Biblie a v modlitb\u00e1ch prin\u00e1\u0161ame svoje v\u010faky aj prosby Bohu.<\/p>\n<p>Pravideln\u00e9 bohoslu\u017eby<br \/>\ns\u00fa v nasleduj\u00facich d\u0148och a hodin\u00e1ch :<\/p>\n<h3>NEDE\u013dA<\/h3>\n<p>9:30 Ve\u010dera P\u00e1nova (Pamiatka P\u00e1na Je\u017ei\u0161a)<br \/>\n16:00 Nede\u013en\u00e9 poobedn\u00e9 zhroma\u017edenie<br \/>\n16:00 Detsk\u00e1 besiedka (po\u010das \u0161kolsk\u00e9ho roka)<\/p>\n<h3>UTOROK<\/h3>\n<p>18:00 V\u00fdklad Biblie a spolo\u010dn\u00e9 modlitby<\/p>\n","protected":false},"excerpt":{"rendered":"<p>Na\u0161e bohoslu\u017eby &#8211; zhroma\u017edenia Miestom na\u0161ich zhroma\u017eden\u00ed je DOM KRES\u0164ANSK\u00c9HO ZBORU na Podz\u00e1mskej ulici 17 v Nitre. V nich uctievame P\u00e1na Boha, zvestujeme evanjelium, \u010d\u00edtame a vyklad\u00e1me Bo\u017eie slovo z Biblie a v modlitb\u00e1ch prin\u00e1\u0161ame svoje v\u010faky aj prosby Bohu. Pravideln\u00e9 bohoslu\u017eby s\u00fa v nasleduj\u00facich d\u0148och a hodin\u00e1ch : NEDE\u013dA 9:30 Ve\u010dera P\u00e1nova (Pamiatka P\u00e1na [&hellip;]<\/p>\n","protected":false},"author":1,"featured_media":0,"parent":0,"menu_order":2,"comment_status":"closed","ping_status":"closed","template":"","meta":{"footnotes":""},"_links":{"self":[{"href":"https:\/\/www.kz-nitra.sk\/index.php?rest_route=\/wp\/v2\/pages\/16"}],"collection":[{"href":"https:\/\/www.kz-nitra.sk\/index.php?rest_route=\/wp\/v2\/pages"}],"about":[{"href":"https:\/\/www.kz-nitra.sk\/index.php?rest_route=\/wp\/v2\/types\/page"}],"author":[{"embeddable":true,"href":"https:\/\/www.kz-nitra.sk\/index.php?rest_route=\/wp\/v2\/users\/1"}],"replies":[{"embeddable":true,"href":"https:\/\/www.kz-nitra.sk\/index.php?rest_route=%2Fwp%2Fv2%2Fcomments&post=16"}],"version-history":[{"count":5,"href":"https:\/\/www.kz-nitra.sk\/index.php?rest_route=\/wp\/v2\/pages\/16\/revisions"}],"predecessor-version":[{"id":265,"href":"https:\/\/www.kz-nitra.sk\/index.php?rest_route=\/wp\/v2\/pages\/16\/revisions\/265"}],"wp:attachment":[{"href":"https:\/\/www.kz-nitra.sk\/index.php?rest_route=%2Fwp%2Fv2%2Fmedia&parent=16"}],"curies":[{"name":"wp","href":"https:\/\/api.w.org\/{rel}","templated":true}]}}