{"id":14,"date":"2018-06-17T20:50:42","date_gmt":"2018-06-17T18:50:42","guid":{"rendered":"http:\/\/test.kz-nitra.sk\/?page_id=14"},"modified":"2018-10-30T18:31:26","modified_gmt":"2018-10-30T17:31:26","slug":"kto-sme","status":"publish","type":"page","link":"https:\/\/www.kz-nitra.sk\/?page_id=14","title":{"rendered":"Kto sme"},"content":{"rendered":"<p><strong>Kres\u0165ansk\u00fd zbor v Nitre<\/strong> je mali\u010dk\u00e1 \u010das\u0165 Cirkvi P\u00e1na Je\u017ei\u0161a Krista. Z pr\u00e1vneho h\u013eadiska je to neform\u00e1lne dobrovo\u013en\u00e9 miestne zdru\u017eenie ob\u010danov, ktor\u00ed sa vo svojom \u017eivote riadia pravidlami Sv\u00e4t\u00fdch p\u00edsem &#8211; Biblie.<\/p>\n<h3>\u010co ver\u00edme ?<\/h3>\n<p>Ver\u00edme, \u017ee Sv\u00e4t\u00e9 P\u00edsma v Biblii s\u00fa P\u00e1nom Bohom vd\u00fdchnut\u00e9 (in\u0161pirovan\u00e9) Bo\u017eie Slovo. Pod\u013ea neho ver\u00edme v trojjedin\u00e9ho Boha &#8211; Otca, Syna, Sv\u00e4t\u00e9ho Ducha, v jedin\u00fa Kristovu Cirkev, do ktorej patria v\u0161etci znovuzroden\u00ed \u013eudia, vo vzkriesenie a ve\u010dn\u00fd \u017eivot v\u0161etk\u00fdch \u013eud\u00ed, skuto\u010dne veriacich v P\u00e1na Je\u017ei\u0161a Krista i v spravodliv\u00e9 ods\u00fadenie t\u00fdch, \u010do v Neho neuverili. Ver\u00edme, \u017ee je ist\u00e1 pravda v\u0161etko, \u010do Biblia hovor\u00ed o Bohu a Jeho stvoren\u00ed, aj o cie\u013eoch, ktor\u00e9 P\u00e1n Boh m\u00e1 s n\u00edm.<\/p>\n<h3>Odkia\u013e poch\u00e1dzame ?<\/h3>\n<p>So v\u0161etk\u00fdmi skuto\u010dn\u00fdmi kres\u0165anmi vid\u00edme svoj prvopo\u010diatok v osobe a vykupite\u013eskom diele Bo\u017eieho Syna, Je\u017ei\u0161a Krista, n\u00e1\u0161ho Spasite\u013ea a P\u00e1na. Dejinne bol tento po\u010diatok Cirkvi v de\u0148 Letn\u00edc, pravdepodobne roku 30 po Kristu v Jeruzaleme. Vtedy Sv\u00e4t\u00fd Duch zost\u00fapil z neba na prv\u00fdch u\u010den\u00edkov P\u00e1na Je\u017ei\u0161a a naplnil ich mocou, v ktorej hl\u00e1sali radostn\u00fa zves\u0165 \u2013 evanjelium v\u0161etk\u00fdm \u013eu\u010fom a n\u00e1rodom. Historick\u00fd z\u00e1rodok n\u00e1\u0161ho zboru vznikol u\u017e asi v roku 1903, ke\u010f po po\u010dut\u00ed evanjelia od biblick\u00e9ho kolport\u00e9ra Michala Sadlo\u0148a v Nitre sa tu odovzdala Spasite\u013eovi prv\u00e1 osoba &#8211; pani Sta\u0148ov\u00e1. Pravideln\u00e9 verejn\u00e9 zhroma\u017edenia (pobo\u017enosti) zboru sa za\u010dali a\u017e v roku 1936. Osobitn\u00fd charakter, \u017eivot a svedectvo tohto kres\u0165ansk\u00e9ho zboru vznikli p\u00f4soben\u00edm dom\u00e1cich evanjelistov pod\u013ea pr\u00edkladu kres\u0165anov z britsk\u00fdch ostrovov.<\/p>\n<h3>Kam patr\u00edme ?<\/h3>\n<p>Spolu so v\u0161etk\u00fdmi skuto\u010dn\u00fdmi kres\u0165anmi patr\u00edme aj my predov\u0161etk\u00fdm do jedinej Cirkvi P\u00e1na Je\u017ei\u0161a Krista. Z h\u013eadiska osobitn\u00e9ho charakteru n\u00e1\u0161ho zboru sme s\u00fa\u010das\u0165ou &#8222;bratsk\u00e9ho hnutia,&#8220; ktor\u00e9 je roz\u0161\u00edren\u00e9 po celom svete.<\/p>\n<h3>Na\u0161e poslanie<\/h3>\n<p>Pre\u010do sme tu ? V prvom rade pre Boha, aby sme Jeho ctili, milovali a konali Jeho v\u00f4\u013eu. Ale sme tu tie\u017e pre \u013eud\u00ed, aby sme im sl\u00fa\u017eili k ve\u010dn\u00e9mu i \u010dasn\u00e9mu dobru. Na\u0161\u00edm poslan\u00edm je aj \u010falej odovzd\u00e1va\u0165 biblick\u00e9 poznanie a na \u0148om zalo\u017een\u00fa prax kres\u0165ansk\u00e9ho \u017eivota, ktor\u00e9 sme prevzali od na\u0161ich duchovn\u00fdch predkov.<\/p>\n<h3>Charakteristick\u00e9 \u010drty<\/h3>\n<p>Charakteristick\u00e9 \u010drty n\u00e1\u0161ho zboru vypl\u00fdvaj\u00fa zo z\u00e1kladn\u00fdch biblick\u00fdch pravidiel, ktor\u00e9 s\u00fa spolo\u010dn\u00e9 Kres\u0165ansk\u00fdm zborom na Slovensku i \u201abratsk\u00fdm zborom\u2018 vo svete. S\u00fa to nasleduj\u00face biblick\u00e9 pravidl\u00e1, ktor\u00e9 vypl\u00fdvaj\u00fa z u\u010denia Nov\u00e9ho z\u00e1kona a pr\u00edkladu prvotnej Cirkvi:<\/p>\n<ul>\n<li>T\u00fa\u017eba i \u00fasilie o nasledovanie pr\u00edkladu prv\u00fdch zborov Cirkvi v u\u010den\u00ed aj v \u017eivote,<\/li>\n<li>Otvorenos\u0165 vo\u010di v\u0161etk\u00fdm opravdiv\u00fdm kres\u0165anom &#8211; bez oh\u013eadu na ich cirkevn\u00fa pr\u00edslu\u0161nos\u0165,<\/li>\n<li>Ka\u017edonede\u013en\u00e9 sl\u00e1venie P\u00e1novej pamiatky (ve\u010dere) so zameran\u00edm na osobu a dielo P\u00e1na Je\u017ei\u0161a Krista,<\/li>\n<li>Biblick\u00fd krst veriacich \u00fapln\u00fdm ponoren\u00edm do vody &#8211; ako verejn\u00e9 obrazn\u00e9 svedectvo o ich smrti a zm\u0155tvychvstan\u00ed s Kristom,<\/li>\n<li>Slu\u017eba a pr\u00e1ca v\u0161etk\u00fdch veriacich &#8211; bratov i sestier &#8211; pod\u013ea Bo\u017eieho vedenia a poriadku,<\/li>\n<li>Misijn\u00fd z\u00e1ujem v t\u00fa\u017ebe i snahe zvestova\u0165 evanjelium v\u0161etk\u00fdm \u013eu\u010fom, spojen\u00fd aj so soci\u00e1lnou slu\u017ebou potrebn\u00fdm,<\/li>\n<li>O\u010dak\u00e1vanie pr\u00edchodu P\u00e1na Je\u017ei\u0161a Krista pre Cirkev a Jeho pr\u00edchodu v sl\u00e1ve na zem.<\/li>\n<\/ul>\n<h3>Vn\u00fatorn\u00fd \u017eivot<\/h3>\n<p>Uskuto\u010d\u0148uje sa na z\u00e1klade novoz\u00e1konnej pravdy o v\u0161eobecnom k\u0148azstve veriacich a ich osobitn\u00e9ho obdarovania pre ur\u010dit\u00e9 slu\u017eby. Neexistuje rozdelenie na takzvan\u00fdch duchovn\u00fdch a laikov. Ka\u017ed\u00fd brat a sestra m\u00f4\u017ee i m\u00e1 pod\u013ea pravidiel Nov\u00e9ho z\u00e1kona vykon\u00e1va\u0165 slu\u017ebu, ku ktorej m\u00e1 obdarovanie a poverenie od Boha. \u0147ou m\u00e1 prispieva\u0165 k duchovn\u00e9mu budovaniu v\u0161etk\u00fdch pr\u00edslu\u0161n\u00edkov zboru.<\/p>\n<p>Vn\u00fatorn\u00fd \u017eivot zboru prebieha v troch navz\u00e1jom prepojen\u00fdch \u00farovniach: zborovej, skupinovej a osobnej. Prv\u00fa predstavuj\u00fa zborov\u00e9 zhroma\u017edenia, druh\u00fa osobitn\u00e9 stretnutia bratov a sestier i dom\u00e1ce z\u00eddenia mal\u00fdch skup\u00edn a tretiu osobn\u00e9 spolo\u010denstvo jednotlivcov v ich \u017eivote.<\/p>\n<p>Ve\u013ek\u00fd d\u00f4raz kladieme na \u010dist\u00e9 a \u00faprimn\u00e9 vz\u00e1jomn\u00e9 vz\u0165ahy na z\u00e1klade vz\u00e1jomnej \u00facty, d\u00f4very a kres\u0165anskej l\u00e1sky, ktor\u00e9 sa prejavuj\u00fa vo vz\u00e1jomnej pomoci a spolupr\u00e1ci.<\/p>\n<h3>Vonkaj\u0161ie p\u00f4sobenie<\/h3>\n<ul>\n<li>Zvestovanie evanjelia, radostnej zvesti o Bo\u017eej l\u00e1ske k \u013eu\u010fom r\u00f4znym sp\u00f4sobom,<\/li>\n<li>\u0160\u00edrenie Sv\u00e4t\u00fdch p\u00edsem &#8211; Bibli\u00ed a Nov\u00fdch z\u00e1konov, pom\u00f4cok k ich \u0161t\u00fadiu i kres\u0165anskej literat\u00fary<\/li>\n<li>Pr\u00e1zdninov\u00e9 pobyty det\u00ed s kres\u0165ansk\u00fdm zameran\u00edm, v\u00fdu\u010dbou a v\u00fdchovou,<\/li>\n<li>Pravideln\u00e9 n\u00e1v\u0161tevy v nitrianskej \u017eenskej v\u00e4znici s osobitn\u00fdmi pobo\u017enos\u0165ami pre v\u00e4zenky a kres\u0165ansk\u00fdmi rozhovormi s nimi<\/li>\n<li>Na po\u017eiadanie n\u00e1v\u0161tevy v rodin\u00e1ch s modlitebnou podporou i praktickou pomocou v \u0165a\u017ekom \u017eivotnom polo\u017een\u00ed.<\/li>\n<\/ul>\n<p>Pod\u013ea potrieb n\u00e1\u0161ho okolia a na\u0161ich mo\u017enost\u00ed m\u00f4\u017eu k vy\u0161\u0161ie uveden\u00fdm vonkaj\u0161\u00edm \u010dinnostiam zboru pribudn\u00fa\u0165 i \u010fal\u0161ie.<\/p>\n<h3>Ak\u00e9 s\u00fa na\u0161e ciele ?<\/h3>\n<p>Kres\u0165ansk\u00fd zbor v Nitre chce vytv\u00e1ra\u0165 spolo\u010denstvo \u017eivej viery, pracuj\u00facej l\u00e1sky a povzbudzuj\u00facej n\u00e1deje, ktor\u00e9 s\u00fa st\u00e1le upren\u00e9 k Bohu, n\u00e1\u0161mu Stvorite\u013eovi, Spasite\u013eovi a Posv\u00e4tite\u013eovi.<\/p>\n<p>Toto spolo\u010denstvo je otvoren\u00e9 pre v\u0161etk\u00fdch skuto\u010dn\u00fdch kres\u0165anov i pre v\u0161etk\u00fdch, ktor\u00ed h\u013eadaj\u00fa Boha. Prv\u00fdm chceme posl\u00fa\u017ei\u0165 k duchovn\u00e9mu vzdelaniu, rastu a po\u017eehnaniu, druh\u00fdm k poznaniu Boha v P\u00e1novi Je\u017ei\u0161ovi Kristovi, a t\u00fdm k sp\u00e1se a ve\u010dn\u00e9mu \u017eivotu.<\/p>\n<p>V na\u0161om vn\u00fatornom \u017eivote i vonkaj\u0161om p\u00f4soben\u00ed v\u017edy chceme vytv\u00e1ra\u0165 ovzdu\u0161ie vz\u00e1jomnej \u00facty a porozumenia, d\u00f4very a l\u00e1sky medzi \u013eu\u010fmi, v ktorom by pr\u00fadilo Bo\u017eie po\u017eehnanie.<\/p>\n<p>V takomto kres\u0165anskom spolo\u010denstve v\u017edy v\u010fa\u010dne a s rados\u0165ou uv\u00edtame i v\u00e1s.<\/p>\n<p>Veriaci z Kres\u0165ansk\u00e9ho zboru v Nitre<\/p>\n","protected":false},"excerpt":{"rendered":"<p>Kres\u0165ansk\u00fd zbor v Nitre je mali\u010dk\u00e1 \u010das\u0165 Cirkvi P\u00e1na Je\u017ei\u0161a Krista. Z pr\u00e1vneho h\u013eadiska je to neform\u00e1lne dobrovo\u013en\u00e9 miestne zdru\u017eenie ob\u010danov, ktor\u00ed sa vo svojom \u017eivote riadia pravidlami Sv\u00e4t\u00fdch p\u00edsem &#8211; Biblie. \u010co ver\u00edme ? Ver\u00edme, \u017ee Sv\u00e4t\u00e9 P\u00edsma v Biblii s\u00fa P\u00e1nom Bohom vd\u00fdchnut\u00e9 (in\u0161pirovan\u00e9) Bo\u017eie Slovo. Pod\u013ea neho ver\u00edme v trojjedin\u00e9ho Boha &#8211; [&hellip;]<\/p>\n","protected":false},"author":1,"featured_media":0,"parent":0,"menu_order":1,"comment_status":"closed","ping_status":"closed","template":"","meta":{"footnotes":""},"_links":{"self":[{"href":"https:\/\/www.kz-nitra.sk\/index.php?rest_route=\/wp\/v2\/pages\/14"}],"collection":[{"href":"https:\/\/www.kz-nitra.sk\/index.php?rest_route=\/wp\/v2\/pages"}],"about":[{"href":"https:\/\/www.kz-nitra.sk\/index.php?rest_route=\/wp\/v2\/types\/page"}],"author":[{"embeddable":true,"href":"https:\/\/www.kz-nitra.sk\/index.php?rest_route=\/wp\/v2\/users\/1"}],"replies":[{"embeddable":true,"href":"https:\/\/www.kz-nitra.sk\/index.php?rest_route=%2Fwp%2Fv2%2Fcomments&post=14"}],"version-history":[{"count":4,"href":"https:\/\/www.kz-nitra.sk\/index.php?rest_route=\/wp\/v2\/pages\/14\/revisions"}],"predecessor-version":[{"id":141,"href":"https:\/\/www.kz-nitra.sk\/index.php?rest_route=\/wp\/v2\/pages\/14\/revisions\/141"}],"wp:attachment":[{"href":"https:\/\/www.kz-nitra.sk\/index.php?rest_route=%2Fwp%2Fv2%2Fmedia&parent=14"}],"curies":[{"name":"wp","href":"https:\/\/api.w.org\/{rel}","templated":true}]}}